{"id":103,"date":"2026-01-09T13:00:28","date_gmt":"2026-01-09T12:00:28","guid":{"rendered":"https:\/\/elsuenodekris.com\/?page_id=103"},"modified":"2026-01-14T12:51:44","modified_gmt":"2026-01-14T11:51:44","slug":"educacion","status":"publish","type":"page","link":"https:\/\/elsuenodekris.com\/?page_id=103","title":{"rendered":"Educaci\u00f3n"},"content":{"rendered":"\n<figure class=\"wp-block-video wp-block-embed is-type-video is-provider-videopress\"><div class=\"wp-block-embed__wrapper\">\n<iframe title=\"VideoPress Video Player\" aria-label='VideoPress Video Player' width='500' height='281' src='https:\/\/videopress.com\/embed\/fbw8UH9o?cover=1&amp;posterUrl=https%3A%2F%2Fvideos.files.wordpress.com%2Ffbw8UH9o%2Fwp-1767959663296_mp4_std.original.jpg&amp;preloadContent=metadata&amp;useAverageColor=1&amp;hd=0' frameborder='0' allowfullscreen data-resize-to-parent=\"true\" allow='clipboard-write'><\/iframe><script src='https:\/\/v0.wordpress.com\/js\/next\/videopress-iframe.js?m=1739540970'><\/script>\n<\/div><\/figure>\n\n\n\n<p class=\"wp-block-paragraph\">Cada perro es \u00fanico, y por eso la educaci\u00f3n tambi\u00e9n debe serlo. Nuestro servicio de educaci\u00f3n canina personalizada est\u00e1 dise\u00f1ado para <strong>solventar los problemas de convivencia<\/strong> y ayudarte a construir una relaci\u00f3n equilibrada y armoniosa con tu perro.<\/p>\n\n\n\n<p class=\"wp-block-paragraph\">Trabajamos de forma individualizada para abordar dificultades como <strong>tirar de la correa, reactividad hacia otros perros o personas, ansiedad, miedos o falta de autocontrol<\/strong>. Analizamos cada caso en profundidad, teniendo en cuenta el car\u00e1cter del perro, su entorno y las rutinas familiares.<\/p>\n\n\n\n<p class=\"wp-block-paragraph\">Tambi\u00e9n tienes la posibilidad de empezar de la mejor manera con tu <strong>cachorro<\/strong>, te ense\u00f1amos <strong>educaci\u00f3n desde cero,<\/strong> porque sus primeros pasos son fundamentales para su desarrollo.<\/p>\n\n\n\n<p class=\"wp-block-paragraph\">Nuestro objetivo no es solo corregir conductas, sino <strong>ense\u00f1ar a entender a tu perro<\/strong>, mejorar la comunicaci\u00f3n y dotarte de herramientas pr\u00e1cticas para el d\u00eda a d\u00eda. Siempre desde el respeto, el refuerzo positivo y el bienestar emocional del animal.<\/p>\n\n\n\n<p class=\"wp-block-paragraph\">Una buena educaci\u00f3n transforma la convivencia y fortalece el v\u00ednculo entre t\u00fa y tu compa\u00f1ero.<\/p>\n\n\n\n<figure class=\"wp-block-video wp-block-embed is-type-video is-provider-videopress\"><div class=\"wp-block-embed__wrapper\">\n<iframe title=\"VideoPress Video Player\" aria-label='VideoPress Video Player' width='500' height='281' src='https:\/\/videopress.com\/embed\/fqcv5AkN?cover=1&amp;posterUrl=https%3A%2F%2Felsuenodekris.com%2Fwp-content%2Fuploads%2F2026%2F01%2Fwp-1768221230689_mp4_avc_240p.original.jpg&amp;preloadContent=metadata&amp;useAverageColor=1&amp;hd=0' frameborder='0' allowfullscreen data-resize-to-parent=\"true\" allow='clipboard-write'><\/iframe><script src='https:\/\/v0.wordpress.com\/js\/next\/videopress-iframe.js?m=1739540970'><\/script>\n<\/div><\/figure>\n\n\n\n<figure class=\"wp-block-video\"><video height=\"1080\" style=\"aspect-ratio: 1920 \/ 1080;\" width=\"1920\" controls src=\"https:\/\/elsuenodekris.com\/wp-content\/uploads\/2026\/01\/wp-1767959606186.mp4\"><\/video><\/figure>\n\n\n\n<figure class=\"wp-block-video wp-block-embed is-type-video is-provider-videopress\"><div class=\"wp-block-embed__wrapper\">\n<iframe title=\"VideoPress Video Player\" aria-label='VideoPress Video Player' width='500' height='281' src='https:\/\/videopress.com\/embed\/jCFXlanF?cover=1&amp;posterUrl=https%3A%2F%2Felsuenodekris.com%2Fwp-content%2Fuploads%2F2026%2F01%2Fwp-1768222000770_mp4_avc_240p.original.jpg&amp;preloadContent=metadata&amp;useAverageColor=1&amp;hd=0' frameborder='0' allowfullscreen data-resize-to-parent=\"true\" allow='clipboard-write'><\/iframe><script src='https:\/\/v0.wordpress.com\/js\/next\/videopress-iframe.js?m=1739540970'><\/script>\n<\/div><\/figure>\n","protected":false},"excerpt":{"rendered":"<p>Cada perro es \u00fanico, y por eso la educaci\u00f3n tambi\u00e9n debe serlo. Nuestro servicio de educaci\u00f3n canina personalizada est\u00e1 dise\u00f1ado para solventar los problemas de convivencia y ayudarte a construir una relaci\u00f3n equilibrada y armoniosa con tu perro. Trabajamos de forma individualizada para abordar dificultades como tirar de la correa, reactividad hacia otros perros o [&hellip;]<\/p>\n","protected":false},"author":275651201,"featured_media":0,"parent":0,"menu_order":0,"comment_status":"closed","ping_status":"closed","template":"","meta":{"_crdt_document":"","_uag_custom_page_level_css":"","footnotes":""},"class_list":["post-103","page","type-page","status-publish","hentry"],"yoast_head":"<!-- This site is optimized with the Yoast SEO plugin v27.3 - https:\/\/yoast.com\/product\/yoast-seo-wordpress\/ -->\n<title>Educaci\u00f3n - elsuenodekris.es<\/title>\n<meta name=\"robots\" content=\"index, follow, max-snippet:-1, max-image-preview:large, max-video-preview:-1\" \/>\n<link rel=\"canonical\" href=\"https:\/\/elsuenodekris.com\/?page_id=103\" \/>\n<meta property=\"og:locale\" content=\"es_ES\" \/>\n<meta property=\"og:type\" content=\"article\" \/>\n<meta property=\"og:title\" content=\"Educaci\u00f3n - elsuenodekris.es\" \/>\n<meta property=\"og:description\" content=\"Cada perro es \u00fanico, y por eso la educaci\u00f3n tambi\u00e9n debe serlo. Nuestro servicio de educaci\u00f3n canina personalizada est\u00e1 dise\u00f1ado para solventar los problemas de convivencia y ayudarte a construir una relaci\u00f3n equilibrada y armoniosa con tu perro. Trabajamos de forma individualizada para abordar dificultades como tirar de la correa, reactividad hacia otros perros o [&hellip;]\" \/>\n<meta property=\"og:url\" content=\"https:\/\/elsuenodekris.com\/?page_id=103\" \/>\n<meta property=\"og:site_name\" content=\"elsuenodekris.es\" \/>\n<meta property=\"article:publisher\" content=\"https:\/\/www.facebook.com\/elsuenodekris\" \/>\n<meta property=\"article:modified_time\" content=\"2026-01-14T11:51:44+00:00\" \/>\n<meta name=\"twitter:card\" content=\"summary_large_image\" \/>\n<meta name=\"twitter:site\" content=\"@elsuenodekris\" \/>\n<meta name=\"twitter:label1\" content=\"Tiempo de lectura\" \/>\n\t<meta name=\"twitter:data1\" content=\"1 minuto\" \/>\n<script type=\"application\/ld+json\" class=\"yoast-schema-graph\">{\"@context\":\"https:\\\/\\\/schema.org\",\"@graph\":[{\"@type\":\"WebPage\",\"@id\":\"https:\\\/\\\/elsuenodekris.com\\\/?page_id=103\",\"url\":\"https:\\\/\\\/elsuenodekris.com\\\/?page_id=103\",\"name\":\"Educaci\u00f3n - elsuenodekris.es\",\"isPartOf\":{\"@id\":\"https:\\\/\\\/elsuenodekris.com\\\/#website\"},\"datePublished\":\"2026-01-09T12:00:28+00:00\",\"dateModified\":\"2026-01-14T11:51:44+00:00\",\"breadcrumb\":{\"@id\":\"https:\\\/\\\/elsuenodekris.com\\\/?page_id=103#breadcrumb\"},\"inLanguage\":\"es\",\"potentialAction\":[{\"@type\":\"ReadAction\",\"target\":[\"https:\\\/\\\/elsuenodekris.com\\\/?page_id=103\"]}]},{\"@type\":\"BreadcrumbList\",\"@id\":\"https:\\\/\\\/elsuenodekris.com\\\/?page_id=103#breadcrumb\",\"itemListElement\":[{\"@type\":\"ListItem\",\"position\":1,\"name\":\"Portada\",\"item\":\"https:\\\/\\\/elsuenodekris.com\\\/\"},{\"@type\":\"ListItem\",\"position\":2,\"name\":\"Educaci\u00f3n\"}]},{\"@type\":\"WebSite\",\"@id\":\"https:\\\/\\\/elsuenodekris.com\\\/#website\",\"url\":\"https:\\\/\\\/elsuenodekris.com\\\/\",\"name\":\"elsuenodekris.es\",\"description\":\"\",\"publisher\":{\"@id\":\"https:\\\/\\\/elsuenodekris.com\\\/#organization\"},\"potentialAction\":[{\"@type\":\"SearchAction\",\"target\":{\"@type\":\"EntryPoint\",\"urlTemplate\":\"https:\\\/\\\/elsuenodekris.com\\\/?s={search_term_string}\"},\"query-input\":{\"@type\":\"PropertyValueSpecification\",\"valueRequired\":true,\"valueName\":\"search_term_string\"}}],\"inLanguage\":\"es\"},{\"@type\":\"Organization\",\"@id\":\"https:\\\/\\\/elsuenodekris.com\\\/#organization\",\"name\":\"elsuenodekris.es\",\"url\":\"https:\\\/\\\/elsuenodekris.com\\\/\",\"logo\":{\"@type\":\"ImageObject\",\"inLanguage\":\"es\",\"@id\":\"https:\\\/\\\/elsuenodekris.com\\\/#\\\/schema\\\/logo\\\/image\\\/\",\"url\":\"https:\\\/\\\/i0.wp.com\\\/elsuenodekris.com\\\/wp-content\\\/uploads\\\/2026\\\/01\\\/backgrounderaser_20260112_1312134101550736731944842661.png?fit=900%2C2000&ssl=1\",\"contentUrl\":\"https:\\\/\\\/i0.wp.com\\\/elsuenodekris.com\\\/wp-content\\\/uploads\\\/2026\\\/01\\\/backgrounderaser_20260112_1312134101550736731944842661.png?fit=900%2C2000&ssl=1\",\"width\":900,\"height\":2000,\"caption\":\"elsuenodekris.es\"},\"image\":{\"@id\":\"https:\\\/\\\/elsuenodekris.com\\\/#\\\/schema\\\/logo\\\/image\\\/\"},\"sameAs\":[\"https:\\\/\\\/www.facebook.com\\\/elsuenodekris\",\"https:\\\/\\\/x.com\\\/elsuenodekris\"]}]}<\/script>\n<!-- \/ Yoast SEO plugin. -->","yoast_head_json":{"title":"Educaci\u00f3n - elsuenodekris.es","robots":{"index":"index","follow":"follow","max-snippet":"max-snippet:-1","max-image-preview":"max-image-preview:large","max-video-preview":"max-video-preview:-1"},"canonical":"https:\/\/elsuenodekris.com\/?page_id=103","og_locale":"es_ES","og_type":"article","og_title":"Educaci\u00f3n - elsuenodekris.es","og_description":"Cada perro es \u00fanico, y por eso la educaci\u00f3n tambi\u00e9n debe serlo. Nuestro servicio de educaci\u00f3n canina personalizada est\u00e1 dise\u00f1ado para solventar los problemas de convivencia y ayudarte a construir una relaci\u00f3n equilibrada y armoniosa con tu perro. Trabajamos de forma individualizada para abordar dificultades como tirar de la correa, reactividad hacia otros perros o [&hellip;]","og_url":"https:\/\/elsuenodekris.com\/?page_id=103","og_site_name":"elsuenodekris.es","article_publisher":"https:\/\/www.facebook.com\/elsuenodekris","article_modified_time":"2026-01-14T11:51:44+00:00","twitter_card":"summary_large_image","twitter_site":"@elsuenodekris","twitter_misc":{"Tiempo de lectura":"1 minuto"},"schema":{"@context":"https:\/\/schema.org","@graph":[{"@type":"WebPage","@id":"https:\/\/elsuenodekris.com\/?page_id=103","url":"https:\/\/elsuenodekris.com\/?page_id=103","name":"Educaci\u00f3n - elsuenodekris.es","isPartOf":{"@id":"https:\/\/elsuenodekris.com\/#website"},"datePublished":"2026-01-09T12:00:28+00:00","dateModified":"2026-01-14T11:51:44+00:00","breadcrumb":{"@id":"https:\/\/elsuenodekris.com\/?page_id=103#breadcrumb"},"inLanguage":"es","potentialAction":[{"@type":"ReadAction","target":["https:\/\/elsuenodekris.com\/?page_id=103"]}]},{"@type":"BreadcrumbList","@id":"https:\/\/elsuenodekris.com\/?page_id=103#breadcrumb","itemListElement":[{"@type":"ListItem","position":1,"name":"Portada","item":"https:\/\/elsuenodekris.com\/"},{"@type":"ListItem","position":2,"name":"Educaci\u00f3n"}]},{"@type":"WebSite","@id":"https:\/\/elsuenodekris.com\/#website","url":"https:\/\/elsuenodekris.com\/","name":"elsuenodekris.es","description":"","publisher":{"@id":"https:\/\/elsuenodekris.com\/#organization"},"potentialAction":[{"@type":"SearchAction","target":{"@type":"EntryPoint","urlTemplate":"https:\/\/elsuenodekris.com\/?s={search_term_string}"},"query-input":{"@type":"PropertyValueSpecification","valueRequired":true,"valueName":"search_term_string"}}],"inLanguage":"es"},{"@type":"Organization","@id":"https:\/\/elsuenodekris.com\/#organization","name":"elsuenodekris.es","url":"https:\/\/elsuenodekris.com\/","logo":{"@type":"ImageObject","inLanguage":"es","@id":"https:\/\/elsuenodekris.com\/#\/schema\/logo\/image\/","url":"https:\/\/i0.wp.com\/elsuenodekris.com\/wp-content\/uploads\/2026\/01\/backgrounderaser_20260112_1312134101550736731944842661.png?fit=900%2C2000&ssl=1","contentUrl":"https:\/\/i0.wp.com\/elsuenodekris.com\/wp-content\/uploads\/2026\/01\/backgrounderaser_20260112_1312134101550736731944842661.png?fit=900%2C2000&ssl=1","width":900,"height":2000,"caption":"elsuenodekris.es"},"image":{"@id":"https:\/\/elsuenodekris.com\/#\/schema\/logo\/image\/"},"sameAs":["https:\/\/www.facebook.com\/elsuenodekris","https:\/\/x.com\/elsuenodekris"]}]}},"uagb_featured_image_src":{"full":false,"thumbnail":false,"medium":false,"medium_large":false,"large":false,"1536x1536":false,"2048x2048":false,"newspack-article-block-landscape-large":false,"newspack-article-block-portrait-large":false,"newspack-article-block-square-large":false,"newspack-article-block-landscape-medium":false,"newspack-article-block-portrait-medium":false,"newspack-article-block-square-medium":false,"newspack-article-block-landscape-intermediate":false,"newspack-article-block-portrait-intermediate":false,"newspack-article-block-square-intermediate":false,"newspack-article-block-landscape-small":false,"newspack-article-block-portrait-small":false,"newspack-article-block-square-small":false,"newspack-article-block-landscape-tiny":false,"newspack-article-block-portrait-tiny":false,"newspack-article-block-square-tiny":false,"newspack-article-block-uncropped":false},"uagb_author_info":{"display_name":"albagb98vls","author_link":"https:\/\/elsuenodekris.com\/?author=275651201"},"uagb_comment_info":0,"uagb_excerpt":"Cada perro es \u00fanico, y por eso la educaci\u00f3n tambi\u00e9n debe serlo. Nuestro servicio de educaci\u00f3n canina personalizada est\u00e1 dise\u00f1ado para solventar los problemas de convivencia y ayudarte a construir una relaci\u00f3n equilibrada y armoniosa con tu perro. Trabajamos de forma individualizada para abordar dificultades como tirar de la correa, reactividad hacia otros perros o&hellip;","jetpack_likes_enabled":true,"jetpack_sharing_enabled":true,"jetpack_shortlink":"https:\/\/wp.me\/Ph0gPP-1F","jetpack-related-posts":[{"id":48,"url":"https:\/\/elsuenodekris.com\/?page_id=48","url_meta":{"origin":103,"position":0},"title":"Guarder\u00eda de d\u00eda","author":"albagb98vls","date":"9 de enero de 2026","format":false,"excerpt":"En nuestra guarder\u00eda de d\u00eda tu perro pasa la jornada en un entorno seguro, divertido y estimulante mientras t\u00fa trabajas con tranquilidad. No se trata solo de cuidarlo, sino de ofrecerle una experiencia completa de aprendizaje, juego y socializaci\u00f3n. Durante el d\u00eda, los perros interact\u00faan con otros de forma supervisada,\u2026","rel":"","context":"Entrada similar","block_context":{"text":"Entrada similar","link":""},"img":{"alt_text":"","src":"https:\/\/i0.wp.com\/elsuenodekris.com\/wp-content\/uploads\/2026\/01\/wp-17682206123628326652699028643231.jpg?resize=350%2C200&ssl=1","width":350,"height":200,"srcset":"https:\/\/i0.wp.com\/elsuenodekris.com\/wp-content\/uploads\/2026\/01\/wp-17682206123628326652699028643231.jpg?resize=350%2C200&ssl=1 1x, https:\/\/i0.wp.com\/elsuenodekris.com\/wp-content\/uploads\/2026\/01\/wp-17682206123628326652699028643231.jpg?resize=525%2C300&ssl=1 1.5x, https:\/\/i0.wp.com\/elsuenodekris.com\/wp-content\/uploads\/2026\/01\/wp-17682206123628326652699028643231.jpg?resize=700%2C400&ssl=1 2x, https:\/\/i0.wp.com\/elsuenodekris.com\/wp-content\/uploads\/2026\/01\/wp-17682206123628326652699028643231.jpg?resize=1050%2C600&ssl=1 3x, https:\/\/i0.wp.com\/elsuenodekris.com\/wp-content\/uploads\/2026\/01\/wp-17682206123628326652699028643231.jpg?resize=1400%2C800&ssl=1 4x"},"classes":[]},{"id":101,"url":"https:\/\/elsuenodekris.com\/?page_id=101","url_meta":{"origin":103,"position":1},"title":"Estancia por d\u00eda completo","author":"albagb98vls","date":"9 de enero de 2026","format":false,"excerpt":"https:\/\/videopress.com\/v\/mw0OW584?resizeToParent=true&cover=true&posterUrl=https%3A%2F%2Felsuenodekris.com%2Fwp-content%2Fuploads%2F2026%2F01%2Fwp-1768220427360_mp4_std.original.jpg&preloadContent=metadata&useAverageColor=true Nuestro servicio de guarder\u00eda de d\u00eda y noche est\u00e1 pensado para que tu perro se sienta como en casa, incluso cuando t\u00fa no est\u00e1s. Adem\u00e1s de disfrutar del d\u00eda con actividades, juego y socializaci\u00f3n, ofrecemos la posibilidad de que se quede a dormir con nosotros, siempre atendido, seguro y\u2026","rel":"","context":"Entrada similar","block_context":{"text":"Entrada similar","link":""},"img":{"alt_text":"","src":"https:\/\/i0.wp.com\/elsuenodekris.com\/wp-content\/uploads\/2026\/01\/wp-17682206121675715307282026900523.jpg?resize=350%2C200&ssl=1","width":350,"height":200,"srcset":"https:\/\/i0.wp.com\/elsuenodekris.com\/wp-content\/uploads\/2026\/01\/wp-17682206121675715307282026900523.jpg?resize=350%2C200&ssl=1 1x, https:\/\/i0.wp.com\/elsuenodekris.com\/wp-content\/uploads\/2026\/01\/wp-17682206121675715307282026900523.jpg?resize=525%2C300&ssl=1 1.5x, https:\/\/i0.wp.com\/elsuenodekris.com\/wp-content\/uploads\/2026\/01\/wp-17682206121675715307282026900523.jpg?resize=700%2C400&ssl=1 2x, https:\/\/i0.wp.com\/elsuenodekris.com\/wp-content\/uploads\/2026\/01\/wp-17682206121675715307282026900523.jpg?resize=1050%2C600&ssl=1 3x, https:\/\/i0.wp.com\/elsuenodekris.com\/wp-content\/uploads\/2026\/01\/wp-17682206121675715307282026900523.jpg?resize=1400%2C800&ssl=1 4x"},"classes":[]},{"id":62,"url":"https:\/\/elsuenodekris.com\/?page_id=62","url_meta":{"origin":103,"position":2},"title":"Peluquer\u00eda","author":"albagb98vls","date":"9 de enero de 2026","format":false,"excerpt":"En El Sue\u00f1o de Kris creemos que el cuidado est\u00e9tico de tu peque\u00f1o debe ser una experiencia positiva, tranquila y llena de respeto. Nuestro m\u00e9todo se basa en el manejo amable y consciente, donde cada perro es tratado como un ser \u00fanico, con su propio ritmo, emociones y necesidades. \ud83c\udf3f\u2026","rel":"","context":"Entrada similar","block_context":{"text":"Entrada similar","link":""},"img":{"alt_text":"","src":"https:\/\/i0.wp.com\/elsuenodekris.com\/wp-content\/uploads\/2026\/01\/img-20251005-wa0015.jpg?resize=350%2C200","width":350,"height":200,"srcset":"https:\/\/i0.wp.com\/elsuenodekris.com\/wp-content\/uploads\/2026\/01\/img-20251005-wa0015.jpg?resize=350%2C200 1x, https:\/\/i0.wp.com\/elsuenodekris.com\/wp-content\/uploads\/2026\/01\/img-20251005-wa0015.jpg?resize=525%2C300 1.5x, https:\/\/i0.wp.com\/elsuenodekris.com\/wp-content\/uploads\/2026\/01\/img-20251005-wa0015.jpg?resize=700%2C400 2x, https:\/\/i0.wp.com\/elsuenodekris.com\/wp-content\/uploads\/2026\/01\/img-20251005-wa0015.jpg?resize=1050%2C600 3x"},"classes":[]},{"id":149,"url":"https:\/\/elsuenodekris.com\/?page_id=149","url_meta":{"origin":103,"position":3},"title":"Instalaciones","author":"albagb98vls","date":"11 de enero de 2026","format":false,"excerpt":"En El Sue\u00f1o de Kris ofrecemos un espacio pensado para que tu peludo se sienta como en casa, con el confort y la seguridad que se merece. Contamos con casa propia para ellos, con capacidad para 20 plazas, equipada con grandes ventanales que aportan luz natural y bienestar. Disponemos de\u2026","rel":"","context":"Entrada similar","block_context":{"text":"Entrada similar","link":""},"img":{"alt_text":"","src":"https:\/\/i0.wp.com\/elsuenodekris.com\/wp-content\/uploads\/2026\/01\/pxl_20251010_1127211707e33044676503864483822.jpg?resize=350%2C200","width":350,"height":200,"srcset":"https:\/\/i0.wp.com\/elsuenodekris.com\/wp-content\/uploads\/2026\/01\/pxl_20251010_1127211707e33044676503864483822.jpg?resize=350%2C200 1x, https:\/\/i0.wp.com\/elsuenodekris.com\/wp-content\/uploads\/2026\/01\/pxl_20251010_1127211707e33044676503864483822.jpg?resize=525%2C300 1.5x, https:\/\/i0.wp.com\/elsuenodekris.com\/wp-content\/uploads\/2026\/01\/pxl_20251010_1127211707e33044676503864483822.jpg?resize=700%2C400 2x, https:\/\/i0.wp.com\/elsuenodekris.com\/wp-content\/uploads\/2026\/01\/pxl_20251010_1127211707e33044676503864483822.jpg?resize=1050%2C600 3x, https:\/\/i0.wp.com\/elsuenodekris.com\/wp-content\/uploads\/2026\/01\/pxl_20251010_1127211707e33044676503864483822.jpg?resize=1400%2C800 4x"},"classes":[]},{"id":277,"url":"https:\/\/elsuenodekris.com\/?page_id=277","url_meta":{"origin":103,"position":4},"title":"Pol\u00edtica de privacidad","author":"Cristina M","date":"14 de enero de 2026","format":false,"excerpt":"Qui\u00e9nes somos Texto sugerido: La direcci\u00f3n de nuestra web es: https:\/\/elsuenodekris.com. Comentarios Texto sugerido: Cuando los visitantes dejan comentarios en la web, recopilamos los datos que se muestran en el formulario de comentarios, as\u00ed como la direcci\u00f3n IP del visitante y la cadena de agentes de usuario del navegador para\u2026","rel":"","context":"Entrada similar","block_context":{"text":"Entrada similar","link":""},"img":{"alt_text":"","src":"","width":0,"height":0},"classes":[]}],"_links":{"self":[{"href":"https:\/\/elsuenodekris.com\/index.php?rest_route=\/wp\/v2\/pages\/103","targetHints":{"allow":["GET"]}}],"collection":[{"href":"https:\/\/elsuenodekris.com\/index.php?rest_route=\/wp\/v2\/pages"}],"about":[{"href":"https:\/\/elsuenodekris.com\/index.php?rest_route=\/wp\/v2\/types\/page"}],"author":[{"embeddable":true,"href":"https:\/\/elsuenodekris.com\/index.php?rest_route=\/wp\/v2\/users\/275651201"}],"replies":[{"embeddable":true,"href":"https:\/\/elsuenodekris.com\/index.php?rest_route=%2Fwp%2Fv2%2Fcomments&post=103"}],"version-history":[{"count":16,"href":"https:\/\/elsuenodekris.com\/index.php?rest_route=\/wp\/v2\/pages\/103\/revisions"}],"predecessor-version":[{"id":283,"href":"https:\/\/elsuenodekris.com\/index.php?rest_route=\/wp\/v2\/pages\/103\/revisions\/283"}],"wp:attachment":[{"href":"https:\/\/elsuenodekris.com\/index.php?rest_route=%2Fwp%2Fv2%2Fmedia&parent=103"}],"curies":[{"name":"wp","href":"https:\/\/api.w.org\/{rel}","templated":true}]}}